{"id":3224,"date":"2023-07-28T15:35:35","date_gmt":"2023-07-28T15:35:35","guid":{"rendered":"https:\/\/fomacop.ma\/?page_id=3224"},"modified":"2023-07-28T15:35:35","modified_gmt":"2023-07-28T15:35:35","slug":"mentions-legales","status":"publish","type":"page","link":"https:\/\/fomacop.ma\/en\/mentions-legales\/","title":{"rendered":"Legal Notice"},"content":{"rendered":"<p><strong>Company Name<\/strong><\/p>\n\n\n\n<p>FOMACOP<\/p>\n\n\n\n<p><strong>CIF<\/strong><\/p>\n\n\n\n<p>B87899376<\/p>\n\n\n\n<p><strong>Address<\/strong><\/p>\n\n\n\n<p>XXXXXXX<\/p>\n\n\n\n<p><strong>PURPOSE OF THE SITE<\/strong><\/p>\n\n\n\n<p>Providing information on our representation services This legal notice (hereinafter, the &quot;Legal Notice&quot;) governs the use of the website guillemexport.es<\/p>\n\n\n\n<p><strong>Jurisdiction<\/strong><\/p>\n\n\n\n<p>In general, the relationship between\u00a0<strong>FOMACOP<\/strong>. and the users of its telematic services offered on this site are subject to Spanish legislation and jurisdiction.<\/p>\n\n\n\n<p><strong>Use and access by users<\/strong><\/p>\n\n\n\n<p>The user is informed, and accepts, that access to this site does not in any way imply the start of a commercial relationship with\u00a0<strong>FOMACOP <\/strong>or one of its subsidiaries.<\/p>\n\n\n\n<p><strong>Intellectual and industrial property<\/strong><\/p>\n\n\n\n<p>The intellectual property rights relating to the content of the site, its graphic design and its codes are the property of\u00a0<strong>FOMACOP.<\/strong>\u00a0and, therefore, their reproduction, distribution, public communication, transformation or any other activity that can be carried out with the contents of its pages is prohibited, even citing the sources, without the written consent of\u00a0<strong>FOMACOP<\/strong><\/p>\n\n\n\n<p><strong>Content and links<\/strong><\/p>\n\n\n\n<p><strong>FOMACOP<\/strong>\u00a0reserves the right to update, modify or delete the information contained on its site, and may even limit or deny access to this information to certain users.<\/p>\n\n\n\n<p><strong>FOMACOP.<\/strong>\u00a0assumes no responsibility for the information on third-party websites that can be accessed through &quot;links&quot; from a site belonging to\u00a0<strong>FOMACOP.<\/strong>. The presence of &quot;links&quot; (links) on the sites of\u00a0<strong>FOMACOP.<\/strong>\u00a0is for informational purposes only and does not in any way constitute a suggestion, invitation or recommendation about them.<\/p>","protected":false},"excerpt":{"rendered":"<p>Nom de l\u2019entreprise FOMACOP CIF B87899376 Adresse postale XXXXXXX FINALIT\u00c9 DU SITE Fournir des informations sur nos services de repr\u00e9sentation Les pr\u00e9sentes mentions l\u00e9gales (ci-apr\u00e8s, les \u00ab&nbsp;Mentions l\u00e9gales&nbsp;\u00bb) r\u00e9gissent l\u2019utilisation du site&nbsp;guillemexport.es Juridiction D\u2019une mani\u00e8re g\u00e9n\u00e9rale, les relations entre\u00a0FOMACOP. et les utilisateurs de [&hellip;]<\/p>\n","protected":false},"author":1,"featured_media":0,"parent":0,"menu_order":0,"comment_status":"closed","ping_status":"closed","template":"","meta":{"footnotes":""},"class_list":["post-3224","page","type-page","status-publish","hentry"],"_links":{"self":[{"href":"https:\/\/fomacop.ma\/en\/wp-json\/wp\/v2\/pages\/3224","targetHints":{"allow":["GET"]}}],"collection":[{"href":"https:\/\/fomacop.ma\/en\/wp-json\/wp\/v2\/pages"}],"about":[{"href":"https:\/\/fomacop.ma\/en\/wp-json\/wp\/v2\/types\/page"}],"author":[{"embeddable":true,"href":"https:\/\/fomacop.ma\/en\/wp-json\/wp\/v2\/users\/1"}],"replies":[{"embeddable":true,"href":"https:\/\/fomacop.ma\/en\/wp-json\/wp\/v2\/comments?post=3224"}],"version-history":[{"count":2,"href":"https:\/\/fomacop.ma\/en\/wp-json\/wp\/v2\/pages\/3224\/revisions"}],"predecessor-version":[{"id":3435,"href":"https:\/\/fomacop.ma\/en\/wp-json\/wp\/v2\/pages\/3224\/revisions\/3435"}],"wp:attachment":[{"href":"https:\/\/fomacop.ma\/en\/wp-json\/wp\/v2\/media?parent=3224"}],"curies":[{"name":"wp","href":"https:\/\/api.w.org\/{rel}","templated":true}]}}